{"id":2,"date":"2021-09-10T18:02:33","date_gmt":"2021-09-10T16:02:33","guid":{"rendered":"http:\/\/localhost:8080\/?page_id=2"},"modified":"2024-02-23T13:27:27","modified_gmt":"2024-02-23T12:27:27","slug":"deklaracja-dostepnosci","status":"publish","type":"page","link":"https:\/\/wroc.wiw.gov.pl\/?page_id=2","title":{"rendered":"Deklaracja Dost\u0119pno\u015bci"},"content":{"rendered":"\t\t<div data-elementor-type=\"wp-page\" data-elementor-id=\"2\" class=\"elementor elementor-2\">\n\t\t\t\t\t\t<section class=\"elementor-section elementor-top-section elementor-element elementor-element-7022ac62 elementor-section-boxed elementor-section-height-default elementor-section-height-default\" data-id=\"7022ac62\" data-element_type=\"section\" data-e-type=\"section\">\n\t\t\t\t\t\t<div class=\"elementor-container elementor-column-gap-default\">\n\t\t\t\t\t<div class=\"elementor-column elementor-col-100 elementor-top-column elementor-element elementor-element-33f43037\" data-id=\"33f43037\" data-element_type=\"column\" data-e-type=\"column\">\n\t\t\t<div class=\"elementor-widget-wrap elementor-element-populated\">\n\t\t\t\t\t\t<div class=\"elementor-element elementor-element-48e2685f elementor-widget elementor-widget-text-editor\" data-id=\"48e2685f\" data-element_type=\"widget\" data-e-type=\"widget\" data-widget_type=\"text-editor.default\">\n\t\t\t\t<div class=\"elementor-widget-container\">\n\t\t\t\t\t\t\t\t\t<p><\/p>\n<p id=\"a11y-wstep\">Inspekcja Weterynaryjna Wojew\u00f3dzki Inspektorat Weterynarii we Wroc\u0142awiu&nbsp;zobowi\u0105zuje si\u0119 zapewni\u0107 dost\u0119pno\u015b\u0107 swojej strony internetowej zgodnie z przepisami ustawy z dnia 4&nbsp;kwietnia 2019&nbsp;r. o&nbsp;dost\u0119pno\u015bci cyfrowej stron internetowych i&nbsp;aplikacji mobilnych podmiot\u00f3w publicznych. O\u015bwiadczenie w sprawie dost\u0119pno\u015bci ma zastosowanie do strony internetowej&nbsp;<a href=\"https:\/\/wiw.ibip.wroc.pl\/public\/\">Biuletynu Informacji Publicznej Inspekcji Weterynaryjnej Wojew\u00f3dzkiego Inspektoratu Weterynarii we Wroc\u0142awiu https:\/\/wiw.ibip.wroc.pl\/public\/<\/a>&nbsp;oraz do strony internetowej&nbsp;<a href=\"http:\/\/wroc.wiw.gov.pl\/\">Inspekcji Weterynaryjnerj Wojew\u00f3dzkiego Inspektoratu Weterynarii we Wroc\u0142awiu http:\/\/wroc.wiw.gov.pl<\/a>.<\/p>\n<p><\/p>\n<p><\/p>\n<ul class=\"wp-block-list\">\n<li>Data publikacji strony internetowej:&nbsp;2003-06-30<\/li>\n<li>Data ostatniej istotnej aktualizacji:&nbsp;2020-11-02<\/li>\n<\/ul>\n<p><\/p>\n<p><\/p>\n<h2 class=\"wp-block-heading\">Status pod wzgl\u0119dem zgodno\u015bci z ustaw\u0105<\/h2>\n<p><\/p>\n<p><\/p>\n<p>Strona internetowa jest&nbsp;<strong>cz\u0119\u015bciowo zgodna<\/strong>&nbsp;z&nbsp;ustaw\u0105 o&nbsp;dost\u0119pno\u015bci cyfrowej stron internetowych i&nbsp;aplikacji mobilnych podmiot\u00f3w publicznych z&nbsp;powodu niezgodno\u015bci lub wy\u0142\u0105cze\u0144 wymienionych poni\u017cej.<\/p>\n<p><\/p>\n<p><\/p>\n<h3 class=\"wp-block-heading\">Tre\u015bci niedost\u0119pne<\/h3>\n<p><\/p>\n<p><\/p>\n<ul class=\"wp-block-list\">\n<li>Cz\u0119\u015b\u0107 plik\u00f3w opublikowanych na stronie to skany dokument\u00f3w opublikowane w formacie pdf, kt\u00f3re nie zosta\u0142y poddane procesowi optycznego rozpoznawania tekst\u00f3w (OCR), w zwi\u0105zku z czym mog\u0105 wyst\u0119powa\u0107 trudno\u015bci z ich odczytaniem poprzez czytniki ekranu,<\/li>\n<li>Serwis zawiera DOC, XLS z niepoprawn\u0105 logiczn\u0105 struktur\u0105 dokumentu, redaktorzy staraj\u0105 si\u0119 ograniczy\u0107 do minimum korzystanie z takich plik\u00f3w i osadza\u0107 teksty bezpo\u015brednio w serwisie. W miar\u0119 mo\u017cliwo\u015bci b\u0119dziemy to poprawia\u0107, oraz dok\u0142ada\u0107 stara\u0144 by nowe dokumenty przygotowywane by\u0142y poprawnie.<\/li>\n<li>Artyku\u0142y opublikowane przed dat\u0105 2018-09-23 nie s\u0105 w pe\u0142ni przystosowane. Trwa aktualizacja wpis\u00f3w.<\/li>\n<\/ul>\n<p><\/p>\n<p><\/p>\n<h3 class=\"wp-block-heading\">Przygotowanie deklaracji w sprawie dost\u0119pno\u015bci<\/h3>\n<p><\/p>\n<p><\/p>\n<ul class=\"wp-block-list\">\n<li>Deklaracj\u0119 sporz\u0105dzono dnia:&nbsp;2020-09-23<\/li>\n<li>Deklaracj\u0119 zosta\u0142a ostatnio poddana przegl\u0105dowi i aktualizacji dnia:&nbsp;2024-02-23<\/li>\n<\/ul>\n<p><\/p>\n<p><\/p>\n<p>Deklaracj\u0119 sporz\u0105dzono na podstawie samooceny.<\/p>\n<p><\/p>\n<p><\/p>\n<h2 class=\"wp-block-heading\" id=\"a11y-kontakt\">Informacje zwrotne i dane kontaktowe<\/h2>\n<p><\/p>\n<p><\/p>\n<ul class=\"wp-block-list\">\n<li>Koordynator ds. dost\u0119pno\u015bci: Monika Sinior oraz Piotr Piosik, e-mail: dostepnosc@wroc.wiw.gov.pl, telefon: 71-367-70-16 wewn\u0119trzny: 140 lub 141<\/li>\n<li>Za rozpatrywanie uwag i wniosk\u00f3w w sprawie BIP odpowiada:&nbsp;Pawe\u0142 Urba\u0144ski&nbsp;oraz&nbsp;Tomasz Kulczycki, e-mail:&nbsp;informatyk@wroc.wiw.gov.pl, telefon:&nbsp;71-367-70-16<\/li>\n<\/ul>\n<p><\/p>\n<p><\/p>\n<p id=\"a11y-procedura\">Ka\u017cdy ma prawo:<\/p>\n<p><\/p>\n<p><\/p>\n<ul class=\"wp-block-list\">\n<li>zg\u0142osi\u0107 uwagi dotycz\u0105ce dost\u0119pno\u015bci cyfrowej strony lub jej elementu,<\/li>\n<li>zg\u0142osi\u0107 \u017c\u0105danie zapewnienia dost\u0119pno\u015bci cyfrowej strony lub jej elementu,<\/li>\n<li>wnioskowa\u0107 o udost\u0119pnienie niedost\u0119pnej informacji w innej alternatywnej formie.<\/li>\n<\/ul>\n<p><\/p>\n<p><\/p>\n<p>\u017b\u0105danie musi zawiera\u0107:<\/p>\n<p><\/p>\n<p><\/p>\n<ul class=\"wp-block-list\">\n<li>dane kontaktowe osoby zg\u0142aszaj\u0105cej,<\/li>\n<li>wskazanie strony lub elementu strony, kt\u00f3rej dotyczy \u017c\u0105danie,<\/li>\n<li>wskazanie dogodnej formy udost\u0119pnienia informacji, je\u015bli \u017c\u0105danie dotyczy udost\u0119pnienia w formie alternatywnej informacji niedost\u0119pnej.<\/li>\n<\/ul>\n<p><\/p>\n<p><\/p>\n<p>Rozpatrzenie zg\u0142oszenia powinno nast\u0105pi\u0107 niezw\u0142ocznie, najp\u00f3\u017aniej w ci\u0105gu 7 dni. Je\u015bli w tym terminie zapewnienie dost\u0119pno\u015bci albo zapewnienie dost\u0119pu w alternatywnej formie nie jest mo\u017cliwe, powinno nast\u0105pi\u0107 najdalej w ci\u0105gu 2 miesi\u0119cy od daty zg\u0142oszenia.<\/p>\n<p><\/p>\n<p><\/p>\n<h3 class=\"wp-block-heading\">Skargi i odwo\u0142ania<\/h3>\n<p><\/p>\n<p><\/p>\n<p>Na niedotrzymanie tych termin\u00f3w oraz na odmow\u0119 realizacji \u017c\u0105dania mo\u017cna z\u0142o\u017cy\u0107 skarg\u0119 do organu nadzoruj\u0105cego poczt\u0105 lub drog\u0105 elektroniczn\u0105 na adres:<\/p>\n<p><\/p>\n<p><\/p>\n<ul class=\"wp-block-list\">\n<li>Organ nadzoruj\u0105cy: Inspekcja Weterynaryjna Wojew\u00f3dzki Inspektorat Weterynarii we Wroc\u0142awiu<\/li>\n<li>Adres: Ul. Januszowicka 48, 53-135 Wroc\u0142aw<\/li>\n<li>E-mail: sekretariat@wroc.wiw.gov.pl<\/li>\n<li>Telefon: 71-367-70-16<\/li>\n<\/ul>\n<p><\/p>\n<p><\/p>\n<p>Skarg\u0119 mo\u017cna z\u0142o\u017cy\u0107 r\u00f3wnie\u017c do&nbsp;<a href=\"https:\/\/www.rpo.gov.pl\/content\/jak-zglosic-sie-do-rzecznika-praw-obywatelskich\">Rzecznika Praw Obywatelskich www.rpo.gov.pl\/content\/jak-zglosic-sie-do-rzecznika-praw-obywatelskich.<\/a>.<\/p>\n<p><\/p>\n<p><\/p>\n<h2 class=\"wp-block-heading\" id=\"a11y-architektura\">Dost\u0119pno\u015b\u0107 architektoniczna<\/h2>\n<p><\/p>\n<p><\/p>\n<h3 class=\"wp-block-heading\">Budynek Wojew\u00f3dzkiego Inspektoratu Weterynarii we Wroc\u0142awiu znajduj\u0105cy si\u0119 &nbsp;przy ul. Januszowickiej 48, 53-135 Wroc\u0142aw<\/h3>\n<p><\/p>\n<p><\/p>\n<ul class=\"wp-block-list\">\n<li>Do budynku prowadz\u0105 3 wej\u015bcia ze schodami.<\/li>\n<li>\u017badne z wej\u015b\u0107 nie jest przystosowane do wjazdu w\u00f3zk\u00f3w inwalidzkich.<\/li>\n<li>Budynek jest pi\u0119trowy, nie ma w nim wind.<\/li>\n<li>Przed budynkiem wyznaczono 1 miejsce parkingowe dla os\u00f3b niepe\u0142nosprawnych.<\/li>\n<li>Toalety na parterze s\u0105 przystosowane do os\u00f3b niepe\u0142nosprawnych.<\/li>\n<li>W budynku nie ma p\u0119tli indukcyjnych,<\/li>\n<li>Do budynku mo\u017cna wej\u015b\u0107 z psem asystuj\u0105cym.<\/li>\n<li>W budynku nie ma oznacze\u0144 w alfabecie brajla ani oznacze\u0144 kontrastowych lub w druku powi\u0119kszonym dla os\u00f3b niewidomych i s\u0142abowidz\u0105cych.<\/li>\n<\/ul>\n<p><\/p>\n<p><\/p>\n<h3 class=\"wp-block-heading\">Budynek Zak\u0142adu Higieny Weterynaryjnej Wojew\u00f3dzkiego Inspektoratu Weterynarii we Wroc\u0142awiu znajduj\u0105cy si\u0119 &nbsp;przy ul. Januszowickiej 48, 53-135 Wroc\u0142aw<\/h3>\n<p><\/p>\n<p><\/p>\n<ul class=\"wp-block-list\">\n<li>Do budynku prowadz\u0105 2 wej\u015bcia, oba przystosowane s\u0105 &nbsp;dla os\u00f3b niepe\u0142nosprawnych.<\/li>\n<li>W budynku znajduj\u0105 si\u0119 szerokie windy oraz toalety przystosowane dla os\u00f3b niepe\u0142nosprawnych.<\/li>\n<li>W budynku nie ma oznacze\u0144 w alfabecie brajla ani oznacze\u0144 kontrastowych lub w druku powi\u0119kszonym dla os\u00f3b niewidomych i s\u0142abowidz\u0105cych.<\/li>\n<li>W budynku nie ma p\u0119tli indukcyjnych,<\/li>\n<li>Do &nbsp;budynku mo\u017cna wej\u015b\u0107 z psem asystuj\u0105cym.<\/li>\n<li>W &nbsp;budynku nie ma oznacze\u0144 w alfabecie brajla ani oznacze\u0144 kontrastowych lub w druku powi\u0119kszonym dla os\u00f3b niewidomych i s\u0142abowidz\u0105cych.<\/li>\n<\/ul>\n<p><\/p>\n<p><\/p>\n<h3 class=\"wp-block-heading\">Budynek Zak\u0142adu Higieny Weterynaryjnej Wojew\u00f3dzkiego Inspektoratu Weterynarii we Wroc\u0142awiu znajduj\u0105cy si\u0119 &nbsp;ul. Legnicka 12; 59-220 Legnica z\/s Ziemnice &nbsp;Legnica<\/h3>\n<p><\/p>\n<p><\/p>\n<ul class=\"wp-block-list\">\n<li>Do budynku prowadz\u0105 2 wej\u015bcia, \u017cadne z nich nie jest przystosowane &nbsp;dla os\u00f3b niepe\u0142nosprawnych.<\/li>\n<li>Przed budynkiem nie ma oznaczonego miejsca parkingowego dla os\u00f3b niepe\u0142nosprawnych.<\/li>\n<li>W budynku toalety nie s\u0105 przystosowane dla os\u00f3b niepe\u0142nosprawnych.<\/li>\n<li>W budynku nie ma p\u0119tli indukcyjnych,<\/li>\n<li>Do budynku mo\u017cna wej\u015b\u0107 z psem asystuj\u0105cym.<\/li>\n<li>W &nbsp;budynku nie ma oznacze\u0144 w alfabecie brajla ani oznacze\u0144 kontrastowych lub w druku powi\u0119kszonym dla os\u00f3b niewidomych i s\u0142abowidz\u0105cych.<\/li>\n<\/ul>\n<p><\/p>\t\t\t\t\t\t\t\t<\/div>\n\t\t\t\t<\/div>\n\t\t\t\t\t<\/div>\n\t\t<\/div>\n\t\t\t\t\t<\/div>\n\t\t<\/section>\n\t\t\t\t<\/div>\n\t\t","protected":false},"excerpt":{"rendered":"<p>Inspekcja Weterynaryjna Wojew\u00f3dzki Inspektorat Weterynarii we Wroc\u0142awiu&nbsp;zobowi\u0105zuje si\u0119 zapewni\u0107 dost\u0119pno\u015b\u0107 swojej strony internetowej zgodnie z&#8230;<\/p>\n","protected":false},"author":1,"featured_media":0,"parent":0,"menu_order":0,"comment_status":"closed","ping_status":"closed","template":"","meta":{"footnotes":""},"class_list":["post-2","page","type-page","status-publish","hentry"],"_links":{"self":[{"href":"https:\/\/wroc.wiw.gov.pl\/index.php?rest_route=\/wp\/v2\/pages\/2","targetHints":{"allow":["GET"]}}],"collection":[{"href":"https:\/\/wroc.wiw.gov.pl\/index.php?rest_route=\/wp\/v2\/pages"}],"about":[{"href":"https:\/\/wroc.wiw.gov.pl\/index.php?rest_route=\/wp\/v2\/types\/page"}],"author":[{"embeddable":true,"href":"https:\/\/wroc.wiw.gov.pl\/index.php?rest_route=\/wp\/v2\/users\/1"}],"replies":[{"embeddable":true,"href":"https:\/\/wroc.wiw.gov.pl\/index.php?rest_route=%2Fwp%2Fv2%2Fcomments&post=2"}],"version-history":[{"count":5,"href":"https:\/\/wroc.wiw.gov.pl\/index.php?rest_route=\/wp\/v2\/pages\/2\/revisions"}],"predecessor-version":[{"id":3791,"href":"https:\/\/wroc.wiw.gov.pl\/index.php?rest_route=\/wp\/v2\/pages\/2\/revisions\/3791"}],"wp:attachment":[{"href":"https:\/\/wroc.wiw.gov.pl\/index.php?rest_route=%2Fwp%2Fv2%2Fmedia&parent=2"}],"curies":[{"name":"wp","href":"https:\/\/api.w.org\/{rel}","templated":true}]}}